{"id":1521,"date":"2023-10-30T21:30:10","date_gmt":"2023-10-31T00:30:10","guid":{"rendered":"https:\/\/isp23-sfe.infd.edu.ar\/sitio\/?page_id=1521"},"modified":"2023-10-30T23:16:42","modified_gmt":"2023-10-31T02:16:42","slug":"mesas-de-examenes-nov-dic-2023-2","status":"publish","type":"page","link":"https:\/\/isp23-sfe.infd.edu.ar\/sitio\/mesas-de-examenes-nov-dic-2023-2\/","title":{"rendered":"MESAS DE EX\u00c1MENES NOV-DIC.2023"},"content":{"rendered":"\n<div class=\"wp-block-file\"><object class=\"wp-block-file__embed\" data=\"https:\/\/isp23-sfe.infd.edu.ar\/sitio\/wp-content\/uploads\/2023\/10\/MESAS-NOV-DIC-2023-3.pdf\" type=\"application\/pdf\" style=\"width:100%;height:600px\" aria-label=\"Incrustado de MESAS-NOV-DIC-2023-3.\"><\/object><a id=\"wp-block-file--media-e19426be-dcef-4841-a2d4-dc1172d0e16f\" href=\"https:\/\/isp23-sfe.infd.edu.ar\/sitio\/wp-content\/uploads\/2023\/10\/MESAS-NOV-DIC-2023-3.pdf\">MESAS-NOV-DIC-2023-3<\/a><a href=\"https:\/\/isp23-sfe.infd.edu.ar\/sitio\/wp-content\/uploads\/2023\/10\/MESAS-NOV-DIC-2023-3.pdf\" class=\"wp-block-file__button wp-element-button\" download aria-describedby=\"wp-block-file--media-e19426be-dcef-4841-a2d4-dc1172d0e16f\">Descarga<\/a><\/div>\n\n\n\n<p>Semana del 17\/11 al 18\/12<\/p>\n\n\n\n<p>En caso que haya una mesa que no tenga fecha designada, enviar al mail del Instituto el espacio curricular que se solicite. isp23elisadamiano@gmail.com<\/p>\n\n\n\n<p><\/p>\n\n\n\n<p>Per\u00edodo de inscripci\u00f3n a mesas de ex\u00e1menes del 30\/10 al 02\/11.<\/p>\n\n\n\n<p><\/p>\n","protected":false},"excerpt":{"rendered":"<p>Semana del 17\/11 al 18\/12 En caso que haya una mesa que no tenga fecha designada, enviar al mail del Instituto el espacio curricular que se solicite. isp23elisadamiano@gmail.com Per\u00edodo de inscripci\u00f3n a mesas de ex\u00e1menes del 30\/10 al 02\/11.<\/p>\n","protected":false},"author":243,"featured_media":0,"parent":0,"menu_order":0,"comment_status":"closed","ping_status":"closed","template":"","meta":[],"acf":[],"_links":{"self":[{"href":"https:\/\/isp23-sfe.infd.edu.ar\/sitio\/wp-json\/wp\/v2\/pages\/1521"}],"collection":[{"href":"https:\/\/isp23-sfe.infd.edu.ar\/sitio\/wp-json\/wp\/v2\/pages"}],"about":[{"href":"https:\/\/isp23-sfe.infd.edu.ar\/sitio\/wp-json\/wp\/v2\/types\/page"}],"author":[{"embeddable":true,"href":"https:\/\/isp23-sfe.infd.edu.ar\/sitio\/wp-json\/wp\/v2\/users\/243"}],"replies":[{"embeddable":true,"href":"https:\/\/isp23-sfe.infd.edu.ar\/sitio\/wp-json\/wp\/v2\/comments?post=1521"}],"version-history":[{"count":2,"href":"https:\/\/isp23-sfe.infd.edu.ar\/sitio\/wp-json\/wp\/v2\/pages\/1521\/revisions"}],"predecessor-version":[{"id":1578,"href":"https:\/\/isp23-sfe.infd.edu.ar\/sitio\/wp-json\/wp\/v2\/pages\/1521\/revisions\/1578"}],"wp:attachment":[{"href":"https:\/\/isp23-sfe.infd.edu.ar\/sitio\/wp-json\/wp\/v2\/media?parent=1521"}],"curies":[{"name":"wp","href":"https:\/\/api.w.org\/{rel}","templated":true}]}}