{"id":802,"date":"2018-08-31T16:15:27","date_gmt":"2018-08-31T19:15:27","guid":{"rendered":"https:\/\/isp23-sfe.infd.edu.ar\/sitio\/capacitacion\/"},"modified":"2021-12-15T22:40:55","modified_gmt":"2021-12-16T01:40:55","slug":"capacitacion","status":"publish","type":"page","link":"https:\/\/isp23-sfe.infd.edu.ar\/sitio\/capacitacion\/","title":{"rendered":"Capacitaci\u00f3n"},"content":{"rendered":"<p><strong>Octubre-2021 <\/strong><\/p>\n<p><strong><u>PROYECTO 2021-2022 &#8211;<\/u><\/strong><strong>CONTEXTO POSPAND\u00c9MICO.\u00a0 <\/strong><strong>HABILITAR LECTURAS: \u201cEL DIARIO DE LECTURAS\u201d<\/strong><\/p>\n<p>Las acciones que se levar\u00e1n a cabo involucran a la biblioteca institucional, a las bibliotecas de la ciudad de El Tr\u00e9bol y de los pueblos en los que los\/las alumnos\/as residen actualmente.<\/p>\n<p>Se tratar\u00e1 de reinstalar el h\u00e1bito de la lectura a trav\u00e9s de la elaboraci\u00f3n de un \u201cDiario de Lecturas\u201d en el cual los\/as alumnos\/as retirar\u00e1n semanalmente un libro de la biblioteca, disfrutar\u00e1n de su lectura y registrar\u00e1n en dicho diario los datos formales referidos al t\u00edtulo, el autor, la editorial, el g\u00e9nero, el contenido del mismo; adem\u00e1s de los datos subjetivos en torno a lo que despert\u00f3 en ellos esa lectura.<\/p>\n<p>De esta manera, sistematizando el retiro y devoluci\u00f3n de libros semanales, al cabo del 2022, los alumnos habr\u00e1n realizado un recorrido lector interesante que ampliar\u00e1 sus competencias culturales, ling\u00fc\u00edsticas y cognitivas, no s\u00f3lo en cuanto al abordaje de la lectura de literatura sino en cuanto a sus conocimientos generales relacionados a la expresi\u00f3n oral y escrita.<\/p>\n<p>En el marco de este proyecto, adem\u00e1s, est\u00e1 prevista la visita al Caf\u00e9 Literario \u201cEl Quijote\u201d ubicado en el Centro Cultural Cervantes de nuestra ciudad.<\/p>\n<p><img decoding=\"async\" loading=\"lazy\" class=\"alignnone  wp-image-1220\" src=\"https:\/\/isp23-sfe.infd.edu.ar\/sitio\/wp-content\/uploads\/2021\/12\/IMG-20211012-WA0013-1000x460.jpg\" alt=\"\" width=\"628\" height=\"289\" srcset=\"https:\/\/isp23-sfe.infd.edu.ar\/sitio\/wp-content\/uploads\/2021\/12\/IMG-20211012-WA0013-1000x460.jpg 1000w, https:\/\/isp23-sfe.infd.edu.ar\/sitio\/wp-content\/uploads\/2021\/12\/IMG-20211012-WA0013-768x353.jpg 768w, https:\/\/isp23-sfe.infd.edu.ar\/sitio\/wp-content\/uploads\/2021\/12\/IMG-20211012-WA0013.jpg 1280w\" sizes=\"(max-width: 628px) 100vw, 628px\" \/><\/p>\n<p><img decoding=\"async\" loading=\"lazy\" class=\"alignnone  wp-image-1216\" src=\"https:\/\/isp23-sfe.infd.edu.ar\/sitio\/wp-content\/uploads\/2021\/12\/IMG-20211012-WA0010-1000x563.jpg\" alt=\"\" width=\"625\" height=\"352\" srcset=\"https:\/\/isp23-sfe.infd.edu.ar\/sitio\/wp-content\/uploads\/2021\/12\/IMG-20211012-WA0010-1000x563.jpg 1000w, https:\/\/isp23-sfe.infd.edu.ar\/sitio\/wp-content\/uploads\/2021\/12\/IMG-20211012-WA0010-768x432.jpg 768w, https:\/\/isp23-sfe.infd.edu.ar\/sitio\/wp-content\/uploads\/2021\/12\/IMG-20211012-WA0010.jpg 1032w\" sizes=\"(max-width: 625px) 100vw, 625px\" \/><\/p>\n<p>Obsequio de libros de Literatura infantil de la Direcci\u00f3n de Cultura de la Municipalidad de El Tr\u00e9bol: Alumnos del Profesorado de Educaci\u00f3n Inicial y Primaria.<\/p>\n<p><img decoding=\"async\" loading=\"lazy\" class=\"alignnone  wp-image-1218\" src=\"https:\/\/isp23-sfe.infd.edu.ar\/sitio\/wp-content\/uploads\/2021\/12\/IMG-20211029-WA0000-1000x750.jpg\" alt=\"\" width=\"630\" height=\"472\" srcset=\"https:\/\/isp23-sfe.infd.edu.ar\/sitio\/wp-content\/uploads\/2021\/12\/IMG-20211029-WA0000-1000x750.jpg 1000w, https:\/\/isp23-sfe.infd.edu.ar\/sitio\/wp-content\/uploads\/2021\/12\/IMG-20211029-WA0000-768x576.jpg 768w, https:\/\/isp23-sfe.infd.edu.ar\/sitio\/wp-content\/uploads\/2021\/12\/IMG-20211029-WA0000-1536x1152.jpg 1536w, https:\/\/isp23-sfe.infd.edu.ar\/sitio\/wp-content\/uploads\/2021\/12\/IMG-20211029-WA0000.jpg 1600w\" sizes=\"(max-width: 630px) 100vw, 630px\" \/> <img decoding=\"async\" loading=\"lazy\" class=\"alignnone  wp-image-1217\" src=\"https:\/\/isp23-sfe.infd.edu.ar\/sitio\/wp-content\/uploads\/2021\/12\/IMG-20211020-WA0009-1000x750.jpg\" alt=\"\" width=\"633\" height=\"475\" srcset=\"https:\/\/isp23-sfe.infd.edu.ar\/sitio\/wp-content\/uploads\/2021\/12\/IMG-20211020-WA0009-1000x750.jpg 1000w, https:\/\/isp23-sfe.infd.edu.ar\/sitio\/wp-content\/uploads\/2021\/12\/IMG-20211020-WA0009-768x576.jpg 768w, https:\/\/isp23-sfe.infd.edu.ar\/sitio\/wp-content\/uploads\/2021\/12\/IMG-20211020-WA0009.jpg 1280w\" sizes=\"(max-width: 633px) 100vw, 633px\" \/><\/p>\n<p><strong>5 de Noviembre 2020 &#8211; Conversatorio<\/strong><\/p>\n<p>En el marco de la materia Did\u00e1ctica General de los Profesorados de Educaci\u00f3n Inicial y Educaci\u00f3n Primaria, se comparti\u00f3 una charla con el <strong>Prof. Daniel Feldman<\/strong>, docente de la carrera de Ciencias de la Educaci\u00f3n de la Universidad de Buenos Aires y especialista en temas de Did\u00e1ctica y Curriculum. Participaron m\u00e1s de 80 asistentes entre estudiantes y docentes del Instituto Superior N\u00b0 23 y de la Escuela Normal N\u00b0 41. Fue un encuentro muy valioso en donde se conversaron temas vinculados con la ense\u00f1anza en contextos de pandemia, la priorizaci\u00f3n de contenidos y la relevancia de la did\u00e1ctica para promover los aprendizajes en contextos de desigualdad.<\/p>\n<p><img decoding=\"async\" loading=\"lazy\" class=\"wp-image-1055 aligncenter\" src=\"https:\/\/isp23-sfe.infd.edu.ar\/sitio\/wp-content\/uploads\/2020\/11\/encuentro20201105-1000x562.png\" alt=\"\" width=\"800\" height=\"449\" srcset=\"https:\/\/isp23-sfe.infd.edu.ar\/sitio\/wp-content\/uploads\/2020\/11\/encuentro20201105-1000x562.png 1000w, https:\/\/isp23-sfe.infd.edu.ar\/sitio\/wp-content\/uploads\/2020\/11\/encuentro20201105-768x432.png 768w, https:\/\/isp23-sfe.infd.edu.ar\/sitio\/wp-content\/uploads\/2020\/11\/encuentro20201105.png 1366w\" sizes=\"(max-width: 800px) 100vw, 800px\" \/><\/p>\n<p>&#8212;&#8212;&#8212;&#8212;&#8212;&#8212;&#8212;&#8212;&#8212;&#8212;&#8212;&#8212;&#8212;&#8212;&#8212;&#8212;&#8212;&#8212;&#8212;&#8212;&#8212;&#8212;&#8212;&#8212;&#8212;&#8212;&#8212;&#8212;&#8212;&#8212;&#8212;&#8212;&#8212;&#8212;&#8212;&#8212;&#8212;&#8212;&#8212;&#8212;&#8212;&#8212;&#8212;<\/p>\n<p><strong>13 de SETIEMBRE DE 2019<\/strong><\/p>\n<p class=\"titular_titulo\">Estudiantes participaron de videoconferencia a cargo del <strong>Profesor Marcel Pochulu<\/strong>.<\/p>\n<p><img decoding=\"async\" loading=\"lazy\" class=\"wp-image-932 aligncenter\" src=\"https:\/\/isp23-sfe.infd.edu.ar\/sitio\/wp-content\/uploads\/2019\/09\/IMG-20190913-WA0010-1000x750.jpg\" alt=\"\" width=\"655\" height=\"491\" srcset=\"https:\/\/isp23-sfe.infd.edu.ar\/sitio\/wp-content\/uploads\/2019\/09\/IMG-20190913-WA0010-1000x750.jpg 1000w, https:\/\/isp23-sfe.infd.edu.ar\/sitio\/wp-content\/uploads\/2019\/09\/IMG-20190913-WA0010-768x576.jpg 768w, https:\/\/isp23-sfe.infd.edu.ar\/sitio\/wp-content\/uploads\/2019\/09\/IMG-20190913-WA0010.jpg 1032w\" sizes=\"(max-width: 655px) 100vw, 655px\" \/><\/p>\n<p>La videoconferencia se realiz\u00f3 en la sala de inform\u00e1tica de la instituci\u00f3n con la presencia de alumnos del Prof. de Educaci\u00f3n Secundaria en Matem\u00e1tica, del Prof. de Educaci\u00f3n Primaria y docentes de Taller Docente III y IV. La actividad fue organizada por la c\u00e1tedra Pr\u00e1cticas de Investigaci\u00f3n del Prof. de Matem\u00e1tica.<\/p>\n<p>El <strong>profesor Marcel Pochulu<\/strong> es un referente nacional e internacional de la did\u00e1ctica de la matem\u00e1tica. Es profesor de matem\u00e1tica y computaci\u00f3n, licenciado en pedagog\u00eda matem\u00e1tica. Es magister en docencia universitaria y doctor en did\u00e1ctica de la matem\u00e1tica. Cuenta con estancias posdoctorales en did\u00e1ctica de la matem\u00e1tica en la Universidad de Granada y la Universidad de Barcelona (Espa\u00f1a). Se desempe\u00f1a como profesor titular regular de la Universidad de Villa Mar\u00eda en el profesorado en matem\u00e1tica y en la licenciatura en ciencias de la educaci\u00f3n. Tambi\u00e9n es profesor de postgrado en distintas universidades nacionales de la regi\u00f3n y en el instituto de formaci\u00f3n docente de nuestro pa\u00eds. Ha publicado libros y realizado compilaciones. Tambi\u00e9n es autor de cap\u00edtulos de libros y art\u00edculos con referato en revistas nacionales e internacionales.<\/p>\n<p>&#8212;&#8212;&#8212;&#8212;&#8212;&#8212;&#8212;&#8212;&#8212;&#8212;&#8212;&#8212;&#8212;&#8212;&#8212;&#8212;&#8212;&#8212;&#8212;&#8212;&#8212;&#8212;&#8212;&#8212;&#8212;&#8212;&#8212;&#8212;&#8212;&#8212;&#8212;&#8212;&#8212;&#8212;&#8212;&#8212;&#8212;&#8212;&#8212;&#8212;&#8212;<\/p>\n<p><span style=\"font-size: 10pt;\"><span style=\"font-family: Verdana;\">El Instituto dise\u00f1a y desarrolla acciones formativas destinadas a\u00a0docentes, gratuitas, acordes a los requerimientos de la transformaci\u00f3n curricular e institucional.<\/span> <\/span><\/p>\n<p><span style=\"font-size: 10pt;\"><span style=\"font-family: Verdana; font-size: 10pt;\"><strong>Acciones formativas previstas para 2009:<\/strong><\/span><\/span><\/p>\n<ul>\n<li><span style=\"font-family: Verdana;\"><span style=\"font-size: 10pt;\"><strong>Proyecto Interinstitucional (ISP N\u00ba 23-EEMPA N\u00ba 1047)<\/strong> \u00abSin-conciencia o con-ciencia&#8230; para mejorar la calidad de vida\u00bb aprobado por INFD.<\/span><\/span><\/li>\n<\/ul>\n","protected":false},"excerpt":{"rendered":"<p>Octubre-2021 PROYECTO 2021-2022 &#8211;CONTEXTO POSPAND\u00c9MICO.\u00a0 HABILITAR LECTURAS: \u201cEL DIARIO DE LECTURAS\u201d Las acciones que se levar\u00e1n a cabo involucran a la biblioteca institucional, a las bibliotecas de la ciudad de El Tr\u00e9bol y de los pueblos en los que los\/las alumnos\/as residen actualmente. Se tratar\u00e1 de reinstalar el h\u00e1bito de la lectura a trav\u00e9s de &#8230; <a title=\"Capacitaci\u00f3n\" class=\"read-more\" href=\"https:\/\/isp23-sfe.infd.edu.ar\/sitio\/capacitacion\/\" aria-label=\"More on Capacitaci\u00f3n\">[+]<\/a><\/p>\n","protected":false},"author":243,"featured_media":0,"parent":0,"menu_order":0,"comment_status":"closed","ping_status":"closed","template":"","meta":[],"acf":[],"_links":{"self":[{"href":"https:\/\/isp23-sfe.infd.edu.ar\/sitio\/wp-json\/wp\/v2\/pages\/802"}],"collection":[{"href":"https:\/\/isp23-sfe.infd.edu.ar\/sitio\/wp-json\/wp\/v2\/pages"}],"about":[{"href":"https:\/\/isp23-sfe.infd.edu.ar\/sitio\/wp-json\/wp\/v2\/types\/page"}],"author":[{"embeddable":true,"href":"https:\/\/isp23-sfe.infd.edu.ar\/sitio\/wp-json\/wp\/v2\/users\/243"}],"replies":[{"embeddable":true,"href":"https:\/\/isp23-sfe.infd.edu.ar\/sitio\/wp-json\/wp\/v2\/comments?post=802"}],"version-history":[{"count":8,"href":"https:\/\/isp23-sfe.infd.edu.ar\/sitio\/wp-json\/wp\/v2\/pages\/802\/revisions"}],"predecessor-version":[{"id":1221,"href":"https:\/\/isp23-sfe.infd.edu.ar\/sitio\/wp-json\/wp\/v2\/pages\/802\/revisions\/1221"}],"wp:attachment":[{"href":"https:\/\/isp23-sfe.infd.edu.ar\/sitio\/wp-json\/wp\/v2\/media?parent=802"}],"curies":[{"name":"wp","href":"https:\/\/api.w.org\/{rel}","templated":true}]}}