{"id":822,"date":"2018-08-31T16:15:34","date_gmt":"2018-08-31T19:15:34","guid":{"rendered":"https:\/\/isp23-sfe.infd.edu.ar\/sitio\/datos-institucionales\/"},"modified":"2023-08-08T20:38:26","modified_gmt":"2023-08-08T23:38:26","slug":"datos-institucionales","status":"publish","type":"page","link":"https:\/\/isp23-sfe.infd.edu.ar\/sitio\/datos-institucionales\/","title":{"rendered":"Datos institucionales"},"content":{"rendered":"<blockquote>\n<blockquote><\/blockquote>\n<blockquote><p><span style=\"font-size: 12pt;\"><strong>INSTITUTO SUPERIOR N\u00ba 23 \u00abElisa Damiano\u00bb<\/strong><br \/>\n<\/span><\/p><\/blockquote>\n<blockquote><p><span style=\"font-size: 12pt;\"><span class=\"T2\">J.F.Segui 1230 &#8211; El Tr\u00e9bol &#8211; Santa Fe &#8211; Argentina<\/span><\/span><\/p><\/blockquote>\n<blockquote><p><span style=\"font-size: 12pt;\"><span class=\"T2\">Tel\u00e9fono: 03401-421072<br \/>\n<\/span><\/span><\/p><\/blockquote>\n<blockquote><p><span style=\"font-size: 12pt;\">Email de consultas: isp23elisadamiano@gmail.com<\/span><\/p><\/blockquote>\n<blockquote><p><span style=\"font-size: 12pt;\"><span class=\"T2\">Horario: 19 hs. a 23 hs.<\/span><\/span><\/p><\/blockquote>\n<blockquote><p><span style=\"font-size: 12pt;\">P\u00e1gina Web: <strong>www.isp23.edu.ar<\/strong><\/span><\/p><\/blockquote>\n<\/blockquote>\n","protected":false},"excerpt":{"rendered":"<p>INSTITUTO SUPERIOR N\u00ba 23 \u00abElisa Damiano\u00bb J.F.Segui 1230 &#8211; El Tr\u00e9bol &#8211; Santa Fe &#8211; Argentina Tel\u00e9fono: 03401-421072 Email de consultas: isp23elisadamiano@gmail.com Horario: 19 hs. a 23 hs. P\u00e1gina Web: www.isp23.edu.ar<\/p>\n","protected":false},"author":243,"featured_media":0,"parent":0,"menu_order":0,"comment_status":"closed","ping_status":"closed","template":"","meta":[],"acf":[],"_links":{"self":[{"href":"https:\/\/isp23-sfe.infd.edu.ar\/sitio\/wp-json\/wp\/v2\/pages\/822"}],"collection":[{"href":"https:\/\/isp23-sfe.infd.edu.ar\/sitio\/wp-json\/wp\/v2\/pages"}],"about":[{"href":"https:\/\/isp23-sfe.infd.edu.ar\/sitio\/wp-json\/wp\/v2\/types\/page"}],"author":[{"embeddable":true,"href":"https:\/\/isp23-sfe.infd.edu.ar\/sitio\/wp-json\/wp\/v2\/users\/243"}],"replies":[{"embeddable":true,"href":"https:\/\/isp23-sfe.infd.edu.ar\/sitio\/wp-json\/wp\/v2\/comments?post=822"}],"version-history":[{"count":2,"href":"https:\/\/isp23-sfe.infd.edu.ar\/sitio\/wp-json\/wp\/v2\/pages\/822\/revisions"}],"predecessor-version":[{"id":1498,"href":"https:\/\/isp23-sfe.infd.edu.ar\/sitio\/wp-json\/wp\/v2\/pages\/822\/revisions\/1498"}],"wp:attachment":[{"href":"https:\/\/isp23-sfe.infd.edu.ar\/sitio\/wp-json\/wp\/v2\/media?parent=822"}],"curies":[{"name":"wp","href":"https:\/\/api.w.org\/{rel}","templated":true}]}}